{"id":191,"date":"2025-12-23T14:22:23","date_gmt":"2025-12-23T13:22:23","guid":{"rendered":"https:\/\/pharmaflex24.com\/?page_id=191"},"modified":"2025-12-30T09:07:58","modified_gmt":"2025-12-30T08:07:58","slug":"impressum","status":"publish","type":"page","link":"https:\/\/pharmaflex24.com\/en\/impressum\/","title":{"rendered":"Impressum"},"content":{"rendered":"\n<p><strong>PharmaFlex24 UG (haftungsbeschr\u00e4nkt)<\/strong><br>Steubenstra\u00dfe 40<br>68163 Mannheim<br>Deutschland<br>Telefon: +49 (0)174 755 1415<br>E-Mail: info@pharmaflex24.com<\/p>\n\n\n\n<h4 class=\"wp-block-heading\">Gesch\u00e4ftsf\u00fchrerin<\/h4>\n\n\n\n<p>Elvira Kokot<\/p>\n\n\n\n<h4 class=\"wp-block-heading\">Registereintrag<\/h4>\n\n\n\n<p>Eingetragen im Handelsregister des Amtsgerichts Mannheim<br>Handelsregisternummer: HRB 753657<\/p>\n\n\n\n<h4 class=\"wp-block-heading\">Umsatzsteuer-Identifikationsnummer gem\u00e4\u00df \u00a7 27a UStG<\/h4>\n\n\n\n<p>USt-IdNr.: DE 453251869<\/p>\n\n\n\n<h4 class=\"wp-block-heading\">Verantwortlich f\u00fcr den Inhalt nach \u00a7 55 Abs. 2 RStV<\/h4>\n\n\n\n<p>Marko Kokot, Mag. pharm., MBA<br>Steubenstra\u00dfe 40<br>68163 Mannheim<\/p>\n","protected":false},"excerpt":{"rendered":"<p>PharmaFlex24 UG (haftungsbeschr\u00e4nkt)Steubenstra\u00dfe 4068163 MannheimDeutschlandTelefon: +49 (0)174 755 1415E-Mail: info@pharmaflex24.com Gesch\u00e4ftsf\u00fchrerin Elvira Kokot Registereintrag Eingetragen im Handelsregister des Amtsgerichts MannheimHandelsregisternummer: HRB 753657 Umsatzsteuer-Identifikationsnummer gem\u00e4\u00df \u00a7 27a UStG USt-IdNr.: DE 453251869 Verantwortlich f\u00fcr den Inhalt nach \u00a7 55 Abs. 2 RStV Marko Kokot, Mag. pharm., MBASteubenstra\u00dfe 4068163 Mannheim<\/p>\n","protected":false},"author":1,"featured_media":0,"parent":0,"menu_order":0,"comment_status":"closed","ping_status":"closed","template":"","meta":{"_acf_changed":false,"footnotes":""},"class_list":["post-191","page","type-page","status-publish","hentry"],"acf":[],"_links":{"self":[{"href":"https:\/\/pharmaflex24.com\/en\/wp-json\/wp\/v2\/pages\/191","targetHints":{"allow":["GET"]}}],"collection":[{"href":"https:\/\/pharmaflex24.com\/en\/wp-json\/wp\/v2\/pages"}],"about":[{"href":"https:\/\/pharmaflex24.com\/en\/wp-json\/wp\/v2\/types\/page"}],"author":[{"embeddable":true,"href":"https:\/\/pharmaflex24.com\/en\/wp-json\/wp\/v2\/users\/1"}],"replies":[{"embeddable":true,"href":"https:\/\/pharmaflex24.com\/en\/wp-json\/wp\/v2\/comments?post=191"}],"version-history":[{"count":0,"href":"https:\/\/pharmaflex24.com\/en\/wp-json\/wp\/v2\/pages\/191\/revisions"}],"wp:attachment":[{"href":"https:\/\/pharmaflex24.com\/en\/wp-json\/wp\/v2\/media?parent=191"}],"curies":[{"name":"wp","href":"https:\/\/api.w.org\/{rel}","templated":true}]}}